{"id":60336,"date":"2025-10-04T01:00:44","date_gmt":"2025-10-03T23:00:44","guid":{"rendered":"https:\/\/www.vidademadrid.com\/es\/?page_id=60336"},"modified":"2025-10-04T19:16:12","modified_gmt":"2025-10-04T17:16:12","slug":"planes-del-momento","status":"publish","type":"page","link":"https:\/\/www.vidademadrid.com\/es\/planes-del-momento\/","title":{"rendered":"Los 4 planes del momento en Madrid"},"content":{"rendered":"<div id=\"tdi_1_400\" class=\"tdc-zone\"><div class=\"tdc_zone tdi_2_9b0  wpb_row td-pb-row\"  >\n<style scoped>\n\n\/* custom css *\/\n.tdi_2_9b0{\r\n                    min-height: 0;\r\n                }\n<\/style><div id=\"tdi_3_fdf\" class=\"tdc-row\"><div class=\"vc_row tdi_4_294  wpb_row td-pb-row\" >\n<style scoped>\n\n\/* custom css *\/\n.tdi_4_294{\r\n                    min-height: 0;\r\n                }\n<\/style><div class=\"vc_column tdi_6_941  wpb_column vc_column_container tdc-column td-pb-span12\">\n<style scoped>\n\n\/* custom css *\/\n.tdi_6_941{\r\n                    vertical-align: baseline;\r\n                }\n<\/style><div class=\"wpb_wrapper\"><div class=\"td_block_wrap td_flex_block_1 tdi_7_a06 td-pb-border-top td_block_template_4 td_flex_block\"  data-td-block-uid=\"tdi_7_a06\" >\n<style>\n\n\/* inline tdc_css att *\/\n\n.tdi_7_a06{\npadding-right:20px !important;\npadding-bottom:20px !important;\npadding-left:20px !important;\nposition:relative;\n}\n\n<\/style>\n<style>\n\/* custom css *\/\n.tdi_7_a06 .entry-thumb{\r\n\t\t\t\t\tbackground-position: center 50%;\r\n\t\t\t\t}.tdi_7_a06 .td-module-container{\r\n\t\t\t\t\tflex-direction: column;\r\n\t\t\t\t\r\n\t\t\t\t    border-color: #eaeaea;\r\n\t\t\t\t}.tdi_7_a06 .td-image-container{\r\n                \tdisplay: block; order: 0;\r\n                }.ie10 .tdi_7_a06 .td-module-meta-info,\r\n\t\t\t\t.ie11 .tdi_7_a06 .td-module-meta-info{\r\n\t\t\t\t \tflex: auto;\r\n\t\t\t    }.tdi_7_a06 .td-module-meta-info{\r\n\t\t\t\t\tborder-color: #eaeaea;\r\n\t\t\t\t}.tdi_7_a06 .td_module_wrap{\r\n\t\t\t\t\twidth: 50%;\r\n\t\t\t\t\tfloat: left;\r\n\t\t\t\t\r\n\t\t\t\t\tpadding-left: 20px;\r\n\t\t\t\t\tpadding-right: 20px;\r\n\t\t\t\t\r\n\t\t\t\t\tpadding-bottom: 18px;\r\n\t\t\t\t\tmargin-bottom: 18px;\r\n\t\t\t\t}.tdi_7_a06 .td_block_inner{\r\n\t\t\t\t\tmargin-left: -20px;\r\n\t\t\t\t\tmargin-right: -20px;\r\n\t\t\t\t}.tdi_7_a06 .td-module-container:before{\r\n\t\t\t\t\tbottom: -18px;\r\n\t\t\t\t\r\n\t\t\t\t\tborder-color: #eaeaea;\r\n\t\t\t\t}.tdi_7_a06 .entry-thumb,\r\n\t\t\t\t.tdi_7_a06 .entry-thumb:before,\r\n\t\t\t\t.tdi_7_a06 .entry-thumb:after{\r\n\t\t\t\t\tborder-radius: 10px;\r\n\t\t\t\t}.tdi_7_a06 .td-post-category{\r\n\t\t\t\t\tdisplay: none;\r\n\t\t\t\t}.tdi_7_a06 .td-author-photo .avatar{\r\n\t\t\t\t    width: 20px;\r\n\t\t\t\t    height: 20px;\r\n\t\t\t\t\r\n\t\t\t\t    margin-right: 6px;\r\n\t\t\t\t\r\n\t\t\t\t    border-radius: 50%;\r\n\t\t\t\t}.tdi_7_a06 .td-excerpt{\r\n\t\t\t\t\tdisplay: block;\r\n\t\t\t\t\r\n\t\t\t\t\tcolor: rgba(48,19,14,0.54);\r\n\t\t\t\t\r\n\t\t\t\t\tcolumn-count: 1;\r\n\t\t\t\t\r\n\t\t\t\t\tcolumn-gap: 48px;\r\n\t\t\t\t}.tdi_7_a06 .td-audio-player{\r\n\t\t\t\t\topacity: 1;\r\n\t\t\t\t\tvisibility: visible;\r\n\t\t\t\t\theight: auto;\r\n\t\t\t\t\r\n\t\t\t\t\tfont-size: 13px;\r\n\t\t\t\t}.tdi_7_a06 .td-read-more{\r\n\t\t\t\t\tdisplay: none;\r\n\t\t\t\t}.tdi_7_a06 .td-post-author-name{\r\n\t\t\t\t\tdisplay: none;\r\n\t\t\t\t}.tdi_7_a06 .td-post-date,\r\n\t\t\t\t.tdi_7_a06 .td-post-author-name span{\r\n\t\t\t\t\tdisplay: none;\r\n\t\t\t\t}.tdi_7_a06 .entry-review-stars{\r\n\t\t\t\t\tdisplay: inline-block;\r\n\t\t\t\t}.tdi_7_a06 .td-icon-star,\r\n                .tdi_7_a06 .td-icon-star-empty,\r\n                .tdi_7_a06 .td-icon-star-half{\r\n\t\t\t\t\tfont-size: 15px;\r\n\t\t\t\t}.tdi_7_a06 .td-module-comments{\r\n\t\t\t\t\tdisplay: none;\r\n\t\t\t\t}.tdi_7_a06 .td_module_wrap:nth-child(2n+1){\r\n\t\t\t\t\tclear: both;\r\n\t\t\t\t}.tdi_7_a06 .td_module_wrap:nth-last-child(-n+2){\r\n\t\t\t\t\tmargin-bottom: 0;\r\n\t\t\t\t\tpadding-bottom: 0;\r\n\t\t\t\t}.tdi_7_a06 .td_module_wrap:nth-last-child(-n+2) .td-module-container:before{\r\n\t\t\t\t\tdisplay: none;\r\n\t\t\t\t}.tdi_7_a06 .td-module-container:hover .entry-thumb:before{\r\n                    opacity: 0;\r\n                }\n\n\/* landscape *\/\n@media (min-width: 1019px) and (max-width: 1140px){\n.tdi_7_a06 .td_module_wrap{\r\n\t\t\t\t\tpadding-bottom: 18px;\r\n\t\t\t\t\tmargin-bottom: 18px;\r\n\t\t\t\t\r\n\t\t\t\t\tclear: none !important;\r\n\t\t\t\t\r\n\t\t\t\t\tpadding-bottom: 18px !important;\r\n\t\t\t\t\tmargin-bottom: 18px !important;\r\n\t\t\t\t}.tdi_7_a06 .td-module-container:before{\r\n\t\t\t\t\tbottom: -18px;\r\n\t\t\t\t}.tdi_7_a06 .td_module_wrap:nth-child(2n+1){\r\n\t\t\t\t\tclear: both !important;\r\n\t\t\t\t}.tdi_7_a06 .td_module_wrap:nth-last-child(-n+2){\r\n\t\t\t\t\tmargin-bottom: 0 !important;\r\n\t\t\t\t\tpadding-bottom: 0 !important;\r\n\t\t\t\t}.tdi_7_a06 .td_module_wrap .td-module-container:before{\r\n\t\t\t\t\tdisplay: block !important;\r\n\t\t\t\t}.tdi_7_a06 .td_module_wrap:nth-last-child(-n+2) .td-module-container:before{\r\n\t\t\t\t\tdisplay: none !important;\r\n\t\t\t\t}\n}\n\n\/* portrait *\/\n@media (min-width: 768px) and (max-width: 1018px){\n.tdi_7_a06 .td_module_wrap{\r\n\t\t\t\t\tpadding-bottom: 18px;\r\n\t\t\t\t\tmargin-bottom: 18px;\r\n\t\t\t\t\r\n\t\t\t\t\tclear: none !important;\r\n\t\t\t\t\r\n\t\t\t\t\tpadding-bottom: 18px !important;\r\n\t\t\t\t\tmargin-bottom: 18px !important;\r\n\t\t\t\t}.tdi_7_a06 .td-module-container:before{\r\n\t\t\t\t\tbottom: -18px;\r\n\t\t\t\t}.tdi_7_a06 .td_module_wrap:nth-child(2n+1){\r\n\t\t\t\t\tclear: both !important;\r\n\t\t\t\t}.tdi_7_a06 .td_module_wrap:nth-last-child(-n+2){\r\n\t\t\t\t\tmargin-bottom: 0 !important;\r\n\t\t\t\t\tpadding-bottom: 0 !important;\r\n\t\t\t\t}.tdi_7_a06 .td_module_wrap .td-module-container:before{\r\n\t\t\t\t\tdisplay: block !important;\r\n\t\t\t\t}.tdi_7_a06 .td_module_wrap:nth-last-child(-n+2) .td-module-container:before{\r\n\t\t\t\t\tdisplay: none !important;\r\n\t\t\t\t}\n}\n\n\/* phone *\/\n@media (max-width: 767px){\n.tdi_7_a06 .td_module_wrap{\r\n\t\t\t\t\tpadding-bottom: 18px;\r\n\t\t\t\t\tmargin-bottom: 18px;\r\n\t\t\t\t\r\n\t\t\t\t\tclear: none !important;\r\n\t\t\t\t\r\n\t\t\t\t\tpadding-bottom: 18px !important;\r\n\t\t\t\t\tmargin-bottom: 18px !important;\r\n\t\t\t\t}.tdi_7_a06 .td-module-container:before{\r\n\t\t\t\t\tbottom: -18px;\r\n\t\t\t\t}.tdi_7_a06 .td_module_wrap:nth-child(2n+1){\r\n\t\t\t\t\tclear: both !important;\r\n\t\t\t\t}.tdi_7_a06 .td_module_wrap:nth-last-child(-n+2){\r\n\t\t\t\t\tmargin-bottom: 0 !important;\r\n\t\t\t\t\tpadding-bottom: 0 !important;\r\n\t\t\t\t}.tdi_7_a06 .td_module_wrap .td-module-container:before{\r\n\t\t\t\t\tdisplay: block !important;\r\n\t\t\t\t}.tdi_7_a06 .td_module_wrap:nth-last-child(-n+2) .td-module-container:before{\r\n\t\t\t\t\tdisplay: none !important;\r\n\t\t\t\t}.tdi_7_a06 .entry-title{\r\n\t\t\t\t\tfont-size:17px !important;line-height:1 !important;\r\n\t\t\t\t}.tdi_7_a06 .td-excerpt{\r\n\t\t\t\t\tfont-size:12px !important;line-height:1 !important;\r\n\t\t\t\t}\n}\n<\/style>\n<div class=\"tdi_7_a06_rand_style td-element-style\"><style>\n.tdi_7_a06_rand_style{\nbackground-color:#fcba00 !important;\n}\n <\/style><\/div><script>var block_tdi_7_a06 = new tdBlock();\nblock_tdi_7_a06.id = \"tdi_7_a06\";\nblock_tdi_7_a06.atts = '{\"modules_on_row\":\"50%\",\"limit\":\"4\",\"hide_audio\":\"yes\",\"custom_title\":\"Los 4 planes del momento\",\"mc1_tl\":\"200\",\"mc1_el\":\"0\",\"category_id\":\"115\",\"image_radius\":\"10\",\"tdc_css\":\"eyJhbGwiOnsicGFkZGluZy1yaWdodCI6IjIwIiwicGFkZGluZy1ib3R0b20iOiIyMCIsInBhZGRpbmctbGVmdCI6IjIwIiwiYmFja2dyb3VuZC1jb2xvciI6IiNmY2JhMDAiLCJkaXNwbGF5IjoiIn19\",\"show_cat\":\"none\",\"show_author\":\"none\",\"show_date\":\"none\",\"show_com\":\"none\",\"show_btn\":\"none\",\"f_title_font_size\":\"eyJwaG9uZSI6IjE3In0=\",\"f_title_font_line_height\":\"eyJwaG9uZSI6IjEifQ==\",\"f_title_font_weight\":\"\",\"f_ex_font_size\":\"eyJwaG9uZSI6IjEyIn0=\",\"f_ex_font_line_height\":\"eyJwaG9uZSI6IjEifQ==\",\"ex_txt\":\"rgba(48,19,14,0.54)\",\"separator\":\"\",\"custom_url\":\"\",\"block_template_id\":\"\",\"title_tag\":\"\",\"post_ids\":\"\",\"category_ids\":\"\",\"tag_slug\":\"\",\"autors_id\":\"\",\"installed_post_types\":\"\",\"sort\":\"\",\"offset\":\"\",\"show_modified_date\":\"\",\"el_class\":\"\",\"td_ajax_filter_type\":\"\",\"td_ajax_filter_ids\":\"\",\"td_filter_default_txt\":\"All\",\"td_ajax_preloading\":\"\",\"container_width\":\"\",\"modules_gap\":\"\",\"m_padding\":\"\",\"all_modules_space\":\"36\",\"modules_border_size\":\"\",\"modules_border_style\":\"\",\"modules_border_color\":\"#eaeaea\",\"modules_divider\":\"\",\"modules_divider_color\":\"#eaeaea\",\"h_effect\":\"\",\"image_size\":\"\",\"image_alignment\":\"50\",\"image_height\":\"\",\"image_width\":\"\",\"image_floated\":\"no_float\",\"video_icon\":\"\",\"hide_image\":\"\",\"meta_info_align\":\"\",\"meta_info_horiz\":\"content-horiz-left\",\"meta_width\":\"\",\"meta_margin\":\"\",\"meta_padding\":\"\",\"art_title\":\"\",\"art_excerpt\":\"\",\"excerpt_col\":\"1\",\"excerpt_gap\":\"\",\"art_audio\":\"\",\"art_audio_size\":\"1.5\",\"art_btn\":\"\",\"meta_info_border_size\":\"\",\"meta_info_border_style\":\"\",\"meta_info_border_color\":\"#eaeaea\",\"modules_category\":\"\",\"modules_category_margin\":\"\",\"modules_category_padding\":\"\",\"modules_cat_border\":\"\",\"modules_category_radius\":\"0\",\"author_photo\":\"\",\"author_photo_size\":\"\",\"author_photo_space\":\"\",\"author_photo_radius\":\"\",\"show_review\":\"inline-block\",\"review_size\":\"2.5\",\"show_excerpt\":\"block\",\"excerpt_middle\":\"\",\"excerpt_inline\":\"\",\"show_audio\":\"block\",\"meta_space\":\"\",\"btn_title\":\"\",\"btn_margin\":\"\",\"btn_padding\":\"\",\"btn_border_width\":\"\",\"btn_radius\":\"\",\"pag_space\":\"\",\"pag_padding\":\"\",\"pag_border_width\":\"\",\"pag_border_radius\":\"\",\"prev_tdicon\":\"\",\"next_tdicon\":\"\",\"pag_icons_size\":\"\",\"f_header_font_header\":\"\",\"f_header_font_title\":\"Block header\",\"f_header_font_settings\":\"\",\"f_header_font_family\":\"\",\"f_header_font_size\":\"\",\"f_header_font_line_height\":\"\",\"f_header_font_style\":\"\",\"f_header_font_weight\":\"\",\"f_header_font_transform\":\"\",\"f_header_font_spacing\":\"\",\"f_header_\":\"\",\"f_ajax_font_title\":\"Ajax categories\",\"f_ajax_font_settings\":\"\",\"f_ajax_font_family\":\"\",\"f_ajax_font_size\":\"\",\"f_ajax_font_line_height\":\"\",\"f_ajax_font_style\":\"\",\"f_ajax_font_weight\":\"\",\"f_ajax_font_transform\":\"\",\"f_ajax_font_spacing\":\"\",\"f_ajax_\":\"\",\"f_more_font_title\":\"Load more button\",\"f_more_font_settings\":\"\",\"f_more_font_family\":\"\",\"f_more_font_size\":\"\",\"f_more_font_line_height\":\"\",\"f_more_font_style\":\"\",\"f_more_font_weight\":\"\",\"f_more_font_transform\":\"\",\"f_more_font_spacing\":\"\",\"f_more_\":\"\",\"f_title_font_header\":\"\",\"f_title_font_title\":\"Article title\",\"f_title_font_settings\":\"\",\"f_title_font_family\":\"\",\"f_title_font_style\":\"\",\"f_title_font_transform\":\"\",\"f_title_font_spacing\":\"\",\"f_title_\":\"\",\"f_cat_font_title\":\"Article category tag\",\"f_cat_font_settings\":\"\",\"f_cat_font_family\":\"\",\"f_cat_font_size\":\"\",\"f_cat_font_line_height\":\"\",\"f_cat_font_style\":\"\",\"f_cat_font_weight\":\"\",\"f_cat_font_transform\":\"\",\"f_cat_font_spacing\":\"\",\"f_cat_\":\"\",\"f_meta_font_title\":\"Article meta info\",\"f_meta_font_settings\":\"\",\"f_meta_font_family\":\"\",\"f_meta_font_size\":\"\",\"f_meta_font_line_height\":\"\",\"f_meta_font_style\":\"\",\"f_meta_font_weight\":\"\",\"f_meta_font_transform\":\"\",\"f_meta_font_spacing\":\"\",\"f_meta_\":\"\",\"f_ex_font_title\":\"Article excerpt\",\"f_ex_font_settings\":\"\",\"f_ex_font_family\":\"\",\"f_ex_font_style\":\"\",\"f_ex_font_weight\":\"\",\"f_ex_font_transform\":\"\",\"f_ex_font_spacing\":\"\",\"f_ex_\":\"\",\"f_btn_font_title\":\"Article read more button\",\"f_btn_font_settings\":\"\",\"f_btn_font_family\":\"\",\"f_btn_font_size\":\"\",\"f_btn_font_line_height\":\"\",\"f_btn_font_style\":\"\",\"f_btn_font_weight\":\"\",\"f_btn_font_transform\":\"\",\"f_btn_font_spacing\":\"\",\"f_btn_\":\"\",\"mix_color\":\"\",\"mix_type\":\"\",\"fe_brightness\":\"1\",\"fe_contrast\":\"1\",\"fe_saturate\":\"1\",\"mix_color_h\":\"\",\"mix_type_h\":\"\",\"fe_brightness_h\":\"1\",\"fe_contrast_h\":\"1\",\"fe_saturate_h\":\"1\",\"m_bg\":\"\",\"color_overlay\":\"\",\"shadow_shadow_header\":\"\",\"shadow_shadow_title\":\"Module Shadow\",\"shadow_shadow_size\":\"\",\"shadow_shadow_offset_horizontal\":\"\",\"shadow_shadow_offset_vertical\":\"\",\"shadow_shadow_spread\":\"\",\"shadow_shadow_color\":\"\",\"title_txt\":\"\",\"title_txt_hover\":\"\",\"all_underline_color\":\"\",\"all_underline_height\":\"\",\"cat_bg\":\"\",\"cat_bg_hover\":\"\",\"cat_txt\":\"\",\"cat_txt_hover\":\"\",\"cat_border\":\"\",\"cat_border_hover\":\"\",\"meta_bg\":\"\",\"author_txt\":\"\",\"author_txt_hover\":\"\",\"date_txt\":\"\",\"com_bg\":\"\",\"com_txt\":\"\",\"rev_txt\":\"\",\"audio_btn_color\":\"\",\"audio_time_color\":\"\",\"audio_bar_color\":\"\",\"audio_bar_curr_color\":\"\",\"shadow_m_shadow_header\":\"\",\"shadow_m_shadow_title\":\"Meta info shadow\",\"shadow_m_shadow_size\":\"\",\"shadow_m_shadow_offset_horizontal\":\"\",\"shadow_m_shadow_offset_vertical\":\"\",\"shadow_m_shadow_spread\":\"\",\"shadow_m_shadow_color\":\"\",\"btn_bg\":\"\",\"btn_bg_hover\":\"\",\"btn_txt\":\"\",\"btn_txt_hover\":\"\",\"btn_border\":\"\",\"btn_border_hover\":\"\",\"pag_text\":\"\",\"pag_h_text\":\"\",\"pag_bg\":\"\",\"pag_h_bg\":\"\",\"pag_border\":\"\",\"pag_h_border\":\"\",\"ajax_pagination\":\"\",\"ajax_pagination_infinite_stop\":\"\",\"css\":\"\",\"td_column_number\":3,\"header_color\":\"\",\"color_preset\":\"\",\"border_top\":\"\",\"class\":\"tdi_7_a06\",\"tdc_css_class\":\"tdi_7_a06\",\"tdc_css_class_style\":\"tdi_7_a06_rand_style\"}';\nblock_tdi_7_a06.td_column_number = \"3\";\nblock_tdi_7_a06.block_type = \"td_flex_block_1\";\nblock_tdi_7_a06.post_count = \"4\";\nblock_tdi_7_a06.found_posts = \"402\";\nblock_tdi_7_a06.header_color = \"\";\nblock_tdi_7_a06.ajax_pagination_infinite_stop = \"\";\nblock_tdi_7_a06.max_num_pages = \"101\";\ntdBlocksArray.push(block_tdi_7_a06);\n<\/script><div class=\"td-block-title-wrap\"><h4 class=\"td-block-title\"><span class=\"td-pulldown-size\">Los 4 planes del momento<\/span><\/h4><\/div><div id=tdi_7_a06 class=\"td_block_inner td-mc1-wrap\">\r\n        <div class=\"td_module_flex td_module_flex_1 td_module_wrap td-animation-stack\">\r\n            <div class=\"td-module-container td-category-pos-\">\r\n                                    <div class=\"td-image-container\">\r\n                                                <div class=\"td-module-thumb\"><a href=\"https:\/\/www.vidademadrid.com\/es\/61097\/reabre-el-historico-palacio-de-gaviria-con-una-exposicion-de-esculturas-de-dali\/\" rel=\"bookmark\" class=\"td-image-wrap\" title=\"Reabre el hist\u00f3rico Palacio de Gaviria con una exposici\u00f3n de esculturas de Dal\u00ed\"><span class=\"entry-thumb td-thumb-css \" style=\"background-image: url(https:\/\/www.vidademadrid.com\/es\/wp-content\/uploads\/2026\/03\/Dali-Palacio-de-Gaviria-696x348.jpg)\" ><\/span><\/a><\/div>                    <\/div>\r\n                \r\n                <div class=\"td-module-meta-info\">\r\n                    \r\n                    <h3 class=\"entry-title td-module-title\"><a href=\"https:\/\/www.vidademadrid.com\/es\/61097\/reabre-el-historico-palacio-de-gaviria-con-una-exposicion-de-esculturas-de-dali\/\" rel=\"bookmark\" title=\"Reabre el hist\u00f3rico Palacio de Gaviria con una exposici\u00f3n de esculturas de Dal\u00ed\">Reabre el hist\u00f3rico Palacio de Gaviria con una exposici\u00f3n de esculturas de Dal\u00ed<\/a><\/h3>\r\n                    \r\n                    <div class=\"td-editor-date\">\r\n                        <a href=\"https:\/\/www.vidademadrid.com\/es\/exposiciones-madrid\/\" class=\"td-post-category\">Exposiciones<\/a>\r\n                        <span class=\"td-author-date\">\r\n                                                        <span class=\"td-post-author-name\"><a href=\"https:\/\/www.vidademadrid.com\/es\/author\/patricia-berretta\/\">Patricia Berretta<\/a> <span>-<\/span> <\/span>                            <span class=\"td-post-date\"><time class=\"entry-date updated td-module-date\" datetime=\"2026-03-26T19:02:46+00:00\" >26 marzo 2026<\/time><\/span>                                                    <\/span>\r\n                    <\/div>\r\n\r\n                    <div class=\"td-excerpt\">Ser\u00e1 una exposici\u00f3n permanente.<\/div>\r\n                    \r\n                    <div class=\"td-read-more\">\r\n                        <a href=\"https:\/\/www.vidademadrid.com\/es\/61097\/reabre-el-historico-palacio-de-gaviria-con-una-exposicion-de-esculturas-de-dali\/\">Leer m\u00e1s<\/a>\r\n                    <\/div>\r\n                <\/div>\r\n            <\/div>\r\n        <\/div>\r\n\r\n        \r\n        <div class=\"td_module_flex td_module_flex_1 td_module_wrap td-animation-stack\">\r\n            <div class=\"td-module-container td-category-pos-\">\r\n                                    <div class=\"td-image-container\">\r\n                                                <div class=\"td-module-thumb\"><a href=\"https:\/\/www.vidademadrid.com\/es\/61079\/semana-santa-2026-en-madrid-procesiones-conciertos-y-mas\/\" rel=\"bookmark\" class=\"td-image-wrap\" title=\"Semana Santa 2026 en Madrid: procesiones, conciertos y m\u00e1s\"><span class=\"entry-thumb td-thumb-css \" style=\"background-image: url(https:\/\/www.vidademadrid.com\/es\/wp-content\/uploads\/2025\/03\/Semana-Santa-696x348.jpg)\" ><\/span><\/a><\/div>                    <\/div>\r\n                \r\n                <div class=\"td-module-meta-info\">\r\n                    \r\n                    <h3 class=\"entry-title td-module-title\"><a href=\"https:\/\/www.vidademadrid.com\/es\/61079\/semana-santa-2026-en-madrid-procesiones-conciertos-y-mas\/\" rel=\"bookmark\" title=\"Semana Santa 2026 en Madrid: procesiones, conciertos y m\u00e1s\">Semana Santa 2026 en Madrid: procesiones, conciertos y m\u00e1s<\/a><\/h3>\r\n                    \r\n                    <div class=\"td-editor-date\">\r\n                        <a href=\"https:\/\/www.vidademadrid.com\/es\/eventos-madrid\/\" class=\"td-post-category\">Eventos<\/a>\r\n                        <span class=\"td-author-date\">\r\n                                                        <span class=\"td-post-author-name\"><a href=\"https:\/\/www.vidademadrid.com\/es\/author\/patricia-berretta\/\">Patricia Berretta<\/a> <span>-<\/span> <\/span>                            <span class=\"td-post-date\"><time class=\"entry-date updated td-module-date\" datetime=\"2026-03-23T10:08:28+00:00\" >23 marzo 2026<\/time><\/span>                                                    <\/span>\r\n                    <\/div>\r\n\r\n                    <div class=\"td-excerpt\">Las actividades comienzan el 19 de marzo. <\/div>\r\n                    \r\n                    <div class=\"td-read-more\">\r\n                        <a href=\"https:\/\/www.vidademadrid.com\/es\/61079\/semana-santa-2026-en-madrid-procesiones-conciertos-y-mas\/\">Leer m\u00e1s<\/a>\r\n                    <\/div>\r\n                <\/div>\r\n            <\/div>\r\n        <\/div>\r\n\r\n        \r\n        <div class=\"td_module_flex td_module_flex_1 td_module_wrap td-animation-stack\">\r\n            <div class=\"td-module-container td-category-pos-\">\r\n                                    <div class=\"td-image-container\">\r\n                                                <div class=\"td-module-thumb\"><a href=\"https:\/\/www.vidademadrid.com\/es\/61081\/procesiones-de-semana-santa-2026-en-madrid-recorridos-y-horarios\/\" rel=\"bookmark\" class=\"td-image-wrap\" title=\"Procesiones de Semana Santa 2026 en Madrid: recorridos y horarios\"><span class=\"entry-thumb td-thumb-css \" style=\"background-image: url(https:\/\/www.vidademadrid.com\/es\/wp-content\/uploads\/2025\/04\/Procesiones-696x348.jpg)\" ><\/span><\/a><\/div>                    <\/div>\r\n                \r\n                <div class=\"td-module-meta-info\">\r\n                    \r\n                    <h3 class=\"entry-title td-module-title\"><a href=\"https:\/\/www.vidademadrid.com\/es\/61081\/procesiones-de-semana-santa-2026-en-madrid-recorridos-y-horarios\/\" rel=\"bookmark\" title=\"Procesiones de Semana Santa 2026 en Madrid: recorridos y horarios\">Procesiones de Semana Santa 2026 en Madrid: recorridos y horarios<\/a><\/h3>\r\n                    \r\n                    <div class=\"td-editor-date\">\r\n                        <a href=\"https:\/\/www.vidademadrid.com\/es\/eventos-madrid\/\" class=\"td-post-category\">Eventos<\/a>\r\n                        <span class=\"td-author-date\">\r\n                                                        <span class=\"td-post-author-name\"><a href=\"https:\/\/www.vidademadrid.com\/es\/author\/patricia-berretta\/\">Patricia Berretta<\/a> <span>-<\/span> <\/span>                            <span class=\"td-post-date\"><time class=\"entry-date updated td-module-date\" datetime=\"2026-03-23T09:41:01+00:00\" >23 marzo 2026<\/time><\/span>                                                    <\/span>\r\n                    <\/div>\r\n\r\n                    <div class=\"td-excerpt\">Vive la Semana Santa en Madrid<\/div>\r\n                    \r\n                    <div class=\"td-read-more\">\r\n                        <a href=\"https:\/\/www.vidademadrid.com\/es\/61081\/procesiones-de-semana-santa-2026-en-madrid-recorridos-y-horarios\/\">Leer m\u00e1s<\/a>\r\n                    <\/div>\r\n                <\/div>\r\n            <\/div>\r\n        <\/div>\r\n\r\n        \r\n        <div class=\"td_module_flex td_module_flex_1 td_module_wrap td-animation-stack\">\r\n            <div class=\"td-module-container td-category-pos-\">\r\n                                    <div class=\"td-image-container\">\r\n                                                <div class=\"td-module-thumb\"><a href=\"https:\/\/www.vidademadrid.com\/es\/61059\/eva-gevorgyan-concierto-madrid-2026-entradas\/\" rel=\"bookmark\" class=\"td-image-wrap\" title=\"Madrid acoger\u00e1 el concierto de una de las grandes promesas del piano: Eva Gevorgyan en el Ciclo de Grandes Int\u00e9rpretes\"><span class=\"entry-thumb td-thumb-css \" style=\"background-image: url(https:\/\/www.vidademadrid.com\/es\/wp-content\/uploads\/2026\/03\/EVA-GEVORGYAN-696x466.jpg)\" ><\/span><\/a><\/div>                    <\/div>\r\n                \r\n                <div class=\"td-module-meta-info\">\r\n                    \r\n                    <h3 class=\"entry-title td-module-title\"><a href=\"https:\/\/www.vidademadrid.com\/es\/61059\/eva-gevorgyan-concierto-madrid-2026-entradas\/\" rel=\"bookmark\" title=\"Madrid acoger\u00e1 el concierto de una de las grandes promesas del piano: Eva Gevorgyan en el Ciclo de Grandes Int\u00e9rpretes\">Madrid acoger\u00e1 el concierto de una de las grandes promesas del piano: Eva Gevorgyan en el Ciclo de Grandes Int\u00e9rpretes<\/a><\/h3>\r\n                    \r\n                    <div class=\"td-editor-date\">\r\n                        <a href=\"https:\/\/www.vidademadrid.com\/es\/conciertos-madrid\/\" class=\"td-post-category\">Conciertos\/m\u00fasica<\/a>\r\n                        <span class=\"td-author-date\">\r\n                                                        <span class=\"td-post-author-name\"><a href=\"https:\/\/www.vidademadrid.com\/es\/author\/vida-de-madrid\/\">Vida de Madrid<\/a> <span>-<\/span> <\/span>                            <span class=\"td-post-date\"><time class=\"entry-date updated td-module-date\" datetime=\"2026-03-16T14:20:30+00:00\" >16 marzo 2026<\/time><\/span>                                                    <\/span>\r\n                    <\/div>\r\n\r\n                    <div class=\"td-excerpt\">Un recorrido por grandes momentos del repertorio pian\u00edstico europeo, desde el romanticismo hasta la creaci\u00f3n contempor\u00e1nea<\/div>\r\n                    \r\n                    <div class=\"td-read-more\">\r\n                        <a href=\"https:\/\/www.vidademadrid.com\/es\/61059\/eva-gevorgyan-concierto-madrid-2026-entradas\/\">Leer m\u00e1s<\/a>\r\n                    <\/div>\r\n                <\/div>\r\n            <\/div>\r\n        <\/div>\r\n\r\n        <\/div><\/div><div class=\"wpb_wrapper td_block_wrap vc_raw_html tdi_9_490 \"><div class=\"td-fix-index\"><p>\u00bfQuieres informarnos sobre un planazo que falta aqu\u00ed? <a href=\"contacto\">\u00a1Cont\u00e1ctanos!<\/a><\/div><\/div><\/div><\/div><\/div><\/div><\/div><\/div>","protected":false},"excerpt":{"rendered":"","protected":false},"author":1,"featured_media":0,"parent":0,"menu_order":0,"comment_status":"closed","ping_status":"closed","template":"","meta":{"footnotes":""},"class_list":["post-60336","page","type-page","status-publish"],"_links":{"self":[{"href":"https:\/\/www.vidademadrid.com\/es\/wp-json\/wp\/v2\/pages\/60336","targetHints":{"allow":["GET"]}}],"collection":[{"href":"https:\/\/www.vidademadrid.com\/es\/wp-json\/wp\/v2\/pages"}],"about":[{"href":"https:\/\/www.vidademadrid.com\/es\/wp-json\/wp\/v2\/types\/page"}],"author":[{"embeddable":true,"href":"https:\/\/www.vidademadrid.com\/es\/wp-json\/wp\/v2\/users\/1"}],"replies":[{"embeddable":true,"href":"https:\/\/www.vidademadrid.com\/es\/wp-json\/wp\/v2\/comments?post=60336"}],"version-history":[{"count":9,"href":"https:\/\/www.vidademadrid.com\/es\/wp-json\/wp\/v2\/pages\/60336\/revisions"}],"predecessor-version":[{"id":60382,"href":"https:\/\/www.vidademadrid.com\/es\/wp-json\/wp\/v2\/pages\/60336\/revisions\/60382"}],"wp:attachment":[{"href":"https:\/\/www.vidademadrid.com\/es\/wp-json\/wp\/v2\/media?parent=60336"}],"curies":[{"name":"wp","href":"https:\/\/api.w.org\/{rel}","templated":true}]}}