{"id":2,"date":"2015-09-30T10:20:47","date_gmt":"2015-09-30T10:20:47","guid":{"rendered":"http:\/\/www.vidademadrid.com\/es\/?page_id=2"},"modified":"2025-01-24T00:02:03","modified_gmt":"2025-01-23T23:02:03","slug":"info","status":"publish","type":"page","link":"https:\/\/www.vidademadrid.com\/es\/info\/","title":{"rendered":"Info &#8211; Vida de Madrid"},"content":{"rendered":"<h2>Qu\u00e9 es Vida de Madrid<\/h2>\n<p><strong>Bienvenidos a Vida de Madrid, <\/strong>proyecto editorial que naci\u00f3 en 2015 y quiere contar el d\u00eda a d\u00eda de la ciudad, los eventos m\u00e1s interesantes y recomendar planes, restaurantes, actividades para hacer&#8230; y mucho m\u00e1s.<\/p>\n<p>Publicamos todos los d\u00edas contenidos en la <strong>web <a href=\"http:\/\/www.vidademadrid.com\/es\/\">www.vidademadrid.com<\/a> y en las <\/strong><strong>redes sociales de @vidademadrid:<\/strong> <a href=\"https:\/\/www.instagram.com\/VidaDeMadrid\/\">Instagram<\/a>, <a href=\"https:\/\/www.tiktok.com\/@vida_demadrid\">TikTok<\/a>, <a href=\"https:\/\/www.facebook.com\/vidademadrid\">Facebook <\/a>y <a href=\"https:\/\/x.com\/VidaDeMadrid\">X<\/a>; adem\u00e1s enviamos los boletines de nuestro <a href=\"https:\/\/www.vidademadrid.com\/es\/boletin\/\">newsletter<\/a>.<\/p>\n<p>El objetivo es comunicar y contar en modo innovador todo lo que pasa en la ciudad, <strong>dando informaci\u00f3n \u00fatil e interesante sobre Madrid para ciudadanos y turistas<\/strong>.<\/p>\n<h2>Redacci\u00f3n<\/h2>\n<p>Mail de la redacci\u00f3n: <strong>info@vidademadrid.com<\/strong><\/p>\n<ul>\n<li><a href=\"http:\/\/www.vidademadrid.com\/es\/alessandro-guerra\/\">Alessandro Guerra &#8211; director<\/a><\/li>\n<li><a href=\"https:\/\/www.vidademadrid.com\/es\/author\/patricia-berretta\/\">Patricia Berretta<\/a><\/li>\n<li><a href=\"https:\/\/www.vidademadrid.com\/es\/author\/aitana\/\">Aitana Naranjo<\/a><\/li>\n<li>Sara Cavagnis<\/li>\n<\/ul>\n<p>Colaboradores: <a href=\"http:\/\/www.vidademadrid.com\/es\/author\/karime\/\">Karime Farcug<\/a>, <a href=\"https:\/\/www.vidademadrid.com\/es\/author\/julia\/\">Julia Piju\u00e1n<\/a><span style=\"color: initial;\">. Han escrito en Vida de Madrid: <\/span><a href=\"http:\/\/www.vidademadrid.com\/es\/author\/raquel\/\">Raquel Campoy<\/a><span style=\"color: initial;\">, <\/span><a href=\"https:\/\/www.vidademadrid.com\/es\/author\/jose\/\">Jos\u00e9 Luis L\u00f3pez<\/a><span style=\"color: initial;\">, <\/span><a href=\"https:\/\/www.vidademadrid.com\/es\/author\/laura\/\">Laura Gay<\/a><span style=\"color: initial;\">, <\/span><a href=\"https:\/\/www.vidademadrid.com\/es\/author\/michel\/\">Michel C\u00e1ceres<\/a><span style=\"color: initial;\">.<\/span><\/p>\n<h2>Publicidad y colaboraciones<\/h2>\n<p>Si crees que tu marca o negocio encaja con los contenidos de Vida de Madrid, no dudes en contactarnos. <a href=\"\/es\/publicidad\"><strong>Entra en la secci\u00f3n \u00abPublicidad\u00bb<\/strong><\/a> para conocer los n\u00fameros de Vida de Madrid y recibir nuestro mediakit, o escr\u00edbenos a <strong>publicidad@vidademadrid.com\u00a0 \u00a0<\/strong>.<\/p>\n<p><strong><a href=\"https:\/\/www.vidademadrid.com\/es\/cookie\/\">Cookies y privacidad<\/a><\/strong><\/p>\n","protected":false},"excerpt":{"rendered":"<p>Qu\u00e9 es Vida de Madrid Bienvenidos a Vida de Madrid, proyecto editorial que naci\u00f3 en 2015 y quiere contar el d\u00eda a d\u00eda de la ciudad, los eventos m\u00e1s interesantes y recomendar planes, restaurantes, actividades para hacer&#8230; y mucho m\u00e1s. Publicamos todos los d\u00edas contenidos en la web www.vidademadrid.com y en las redes sociales de [&hellip;]<\/p>\n","protected":false},"author":1,"featured_media":0,"parent":0,"menu_order":0,"comment_status":"closed","ping_status":"closed","template":"","meta":{"footnotes":""},"class_list":["post-2","page","type-page","status-publish"],"_links":{"self":[{"href":"https:\/\/www.vidademadrid.com\/es\/wp-json\/wp\/v2\/pages\/2","targetHints":{"allow":["GET"]}}],"collection":[{"href":"https:\/\/www.vidademadrid.com\/es\/wp-json\/wp\/v2\/pages"}],"about":[{"href":"https:\/\/www.vidademadrid.com\/es\/wp-json\/wp\/v2\/types\/page"}],"author":[{"embeddable":true,"href":"https:\/\/www.vidademadrid.com\/es\/wp-json\/wp\/v2\/users\/1"}],"replies":[{"embeddable":true,"href":"https:\/\/www.vidademadrid.com\/es\/wp-json\/wp\/v2\/comments?post=2"}],"version-history":[{"count":49,"href":"https:\/\/www.vidademadrid.com\/es\/wp-json\/wp\/v2\/pages\/2\/revisions"}],"predecessor-version":[{"id":58701,"href":"https:\/\/www.vidademadrid.com\/es\/wp-json\/wp\/v2\/pages\/2\/revisions\/58701"}],"wp:attachment":[{"href":"https:\/\/www.vidademadrid.com\/es\/wp-json\/wp\/v2\/media?parent=2"}],"curies":[{"name":"wp","href":"https:\/\/api.w.org\/{rel}","templated":true}]}}