{"id":18,"date":"2015-09-30T12:39:41","date_gmt":"2015-09-30T12:39:41","guid":{"rendered":"http:\/\/www.vidademadrid.com\/es\/?page_id=18"},"modified":"2020-12-01T23:04:23","modified_gmt":"2020-12-01T22:04:23","slug":"alessandro-guerra","status":"publish","type":"page","link":"https:\/\/www.vidademadrid.com\/es\/alessandro-guerra\/","title":{"rendered":"Alessandro Guerra"},"content":{"rendered":"<h2>Qui\u00e9n soy<\/h2>\n<p><img loading=\"lazy\" decoding=\"async\" style=\"float: right;\" src=\"http:\/\/www.vidademadrid.com\/es\/wp-content\/uploads\/2020\/01\/foto-1-150x150.jpg\" alt=\"\" width=\"150\" height=\"150\" \/>\u00a1Hola! Me presento. Soy <strong>Alessandro Guerra<\/strong>, creador y director de Vida de Madrid. Soy italiano (de N\u00e1poles) y vivo en Madrid desde 2014.<\/p>\n<p>Soy un <strong>periodista<\/strong> inscrito en la\u00a0<em>Orden de los periodistas italianos<\/em>. Adem\u00e1s, soy <strong>web content <\/strong>&#8211; <strong>seo manager<\/strong>. Siempre me ha gustado escribir y m\u00e1s en entornos digitales.<\/p>\n<p>Empec\u00e9 con mis primeros sitios web en el 1998 y he podido asistir al nacimiento y crecimiento del mundo web, desarrollando herramientas para ser un profesional de los contenidos online, siendo redactor jefe de importantes portales de informaci\u00f3n en Italia.<\/p>\n<p>En Madrid trabajo tambi\u00e9n como <strong>consultor digital<\/strong> (web, posicionamiento SEO, reputaci\u00f3n online, redes sociales, contenidos, etc), aqu\u00ed est\u00e1 <a href=\"https:\/\/www.linkedin.com\/in\/alessandro-guerra\/\" target=\"_blank\" rel=\"noopener noreferrer\">mi perfil en Linkedin<\/a>.<\/p>\n<p><a href=\"http:\/\/www.vidademadrid.com\/es\/info\/\"><strong>Vida de Madrid<\/strong><\/a> es el proyecto que me permite compartir con todos la pasi\u00f3n por esta ciudad.<\/p>\n<p>Pod\u00e9is contactarme escribi\u00e9ndome a <strong>info@vidademadrid.com<\/strong>.<\/p>\n","protected":false},"excerpt":{"rendered":"<p>Qui\u00e9n soy \u00a1Hola! Me presento. Soy Alessandro Guerra, creador y director de Vida de Madrid. Soy italiano (de N\u00e1poles) y vivo en Madrid desde 2014. Soy un periodista inscrito en la\u00a0Orden de los periodistas italianos. Adem\u00e1s, soy web content &#8211; seo manager. Siempre me ha gustado escribir y m\u00e1s en entornos digitales. Empec\u00e9 con mis [&hellip;]<\/p>\n","protected":false},"author":1,"featured_media":0,"parent":0,"menu_order":0,"comment_status":"closed","ping_status":"closed","template":"","meta":{"footnotes":""},"class_list":["post-18","page","type-page","status-publish"],"_links":{"self":[{"href":"https:\/\/www.vidademadrid.com\/es\/wp-json\/wp\/v2\/pages\/18","targetHints":{"allow":["GET"]}}],"collection":[{"href":"https:\/\/www.vidademadrid.com\/es\/wp-json\/wp\/v2\/pages"}],"about":[{"href":"https:\/\/www.vidademadrid.com\/es\/wp-json\/wp\/v2\/types\/page"}],"author":[{"embeddable":true,"href":"https:\/\/www.vidademadrid.com\/es\/wp-json\/wp\/v2\/users\/1"}],"replies":[{"embeddable":true,"href":"https:\/\/www.vidademadrid.com\/es\/wp-json\/wp\/v2\/comments?post=18"}],"version-history":[{"count":27,"href":"https:\/\/www.vidademadrid.com\/es\/wp-json\/wp\/v2\/pages\/18\/revisions"}],"predecessor-version":[{"id":27945,"href":"https:\/\/www.vidademadrid.com\/es\/wp-json\/wp\/v2\/pages\/18\/revisions\/27945"}],"wp:attachment":[{"href":"https:\/\/www.vidademadrid.com\/es\/wp-json\/wp\/v2\/media?parent=18"}],"curies":[{"name":"wp","href":"https:\/\/api.w.org\/{rel}","templated":true}]}}