{"id":14,"date":"2015-09-30T12:37:41","date_gmt":"2015-09-30T12:37:41","guid":{"rendered":"http:\/\/www.vidademadrid.com\/es\/?page_id=14"},"modified":"2021-11-01T19:12:23","modified_gmt":"2021-11-01T18:12:23","slug":"contacto","status":"publish","type":"page","link":"https:\/\/www.vidademadrid.com\/es\/contacto\/","title":{"rendered":"Contacto &#8211; Vida de Madrid"},"content":{"rendered":"<p>Info, peticiones, sugerencias, env\u00edo notas de prensa, colaboraciones, etc.: <strong>info@vidademadrid.com<\/strong><\/p>\n<p>Tambi\u00e9n puedes entrar en contacto con Vida de Madrid a trav\u00e9s de <a href=\"https:\/\/www.facebook.com\/vidademadrid\">Facebook<\/a>, <a href=\"https:\/\/twitter.com\/vidademadrid\">Twitter<\/a>, <a href=\"https:\/\/instagram.com\/vidademadrid\">Instagram<\/a> y <a href=\"https:\/\/www.tiktok.com\/@vida_demadrid?\">TikTok<\/a>.<\/p>\n<p>Si <strong>quieres anunciarte<\/strong> en Vida de Madrid: <strong>publicidad@vidademadrid.com<\/strong> <a href=\"\/es\/publicidad\">(nuestro media kit y m\u00e1s informaci\u00f3n aqu\u00ed)<\/a>.<\/p>\n<p>\u00a1Gracias por contactarnos!<br \/>\nVida de Madrid<\/p>\n","protected":false},"excerpt":{"rendered":"<p>Info, peticiones, sugerencias, env\u00edo notas de prensa, colaboraciones, etc.: info@vidademadrid.com Tambi\u00e9n puedes entrar en contacto con Vida de Madrid a trav\u00e9s de Facebook, Twitter, Instagram y TikTok. Si quieres anunciarte en Vida de Madrid: publicidad@vidademadrid.com (nuestro media kit y m\u00e1s informaci\u00f3n aqu\u00ed). \u00a1Gracias por contactarnos! Vida de Madrid<\/p>\n","protected":false},"author":1,"featured_media":0,"parent":0,"menu_order":0,"comment_status":"closed","ping_status":"closed","template":"","meta":{"footnotes":""},"class_list":["post-14","page","type-page","status-publish"],"_links":{"self":[{"href":"https:\/\/www.vidademadrid.com\/es\/wp-json\/wp\/v2\/pages\/14","targetHints":{"allow":["GET"]}}],"collection":[{"href":"https:\/\/www.vidademadrid.com\/es\/wp-json\/wp\/v2\/pages"}],"about":[{"href":"https:\/\/www.vidademadrid.com\/es\/wp-json\/wp\/v2\/types\/page"}],"author":[{"embeddable":true,"href":"https:\/\/www.vidademadrid.com\/es\/wp-json\/wp\/v2\/users\/1"}],"replies":[{"embeddable":true,"href":"https:\/\/www.vidademadrid.com\/es\/wp-json\/wp\/v2\/comments?post=14"}],"version-history":[{"count":21,"href":"https:\/\/www.vidademadrid.com\/es\/wp-json\/wp\/v2\/pages\/14\/revisions"}],"predecessor-version":[{"id":54021,"href":"https:\/\/www.vidademadrid.com\/es\/wp-json\/wp\/v2\/pages\/14\/revisions\/54021"}],"wp:attachment":[{"href":"https:\/\/www.vidademadrid.com\/es\/wp-json\/wp\/v2\/media?parent=14"}],"curies":[{"name":"wp","href":"https:\/\/api.w.org\/{rel}","templated":true}]}}